{"id":329,"date":"2023-01-25T11:38:48","date_gmt":"2023-01-25T11:38:48","guid":{"rendered":"https:\/\/www.aleiarestaurant.com\/terminos-y-condiciones\/"},"modified":"2023-12-04T11:35:34","modified_gmt":"2023-12-04T11:35:34","slug":"terminos-y-condiciones","status":"publish","type":"page","link":"https:\/\/www.aleiarestaurant.com\/ca\/terminos-y-condiciones\/","title":{"rendered":"T\u00e9rminos y condiciones"},"content":{"rendered":"\n<p>1. Garant\u00eda Aleia. Las Tarjetas Regalo son vendidas directamente por Aleia, sin terceros. De esta forma damos la m\u00e1xima seguridad y confianza.\u00a0<\/p>\n\n\n\n<p>2. Pago Seguro. No guardamos informaci\u00f3n financiera ni de ning\u00fan otro tipo de tu tarjeta de cr\u00e9dito, la transacci\u00f3n se realiza en un entorno seguro con todas las garant\u00edas para tu seguridad y confidencialidad.&nbsp;<\/p>\n\n\n\n<p>3. Las Tarjetas Regalo pueden adquirirse en el sitio web de Aleia o personalmente en el restaurante.&nbsp;<\/p>\n\n\n\n<p>4. Al comprar una Tarjeta Regalo, el plazo m\u00e1ximo improrrogable para su uso es de 6 meses desde el momento de la compra.&nbsp;<\/p>\n\n\n\n<p>5. El men\u00fa est\u00e1 sujeto a cambios dependiendo de la disponibilidad de la materia prima.&nbsp;<\/p>\n\n\n\n<p>6. Para hacer uso de la Tarjeta Regalo es imprescindible tramitar previamente la reserva en el restaurante por tel\u00e9fono o por correo a info@aleiarestaurant.com. En todo caso la reserva estar\u00e1 condicionada por la disponibilidad de plazas en el restaurante en el momento elegido.&nbsp;<\/p>\n\n\n\n<p>7. Oferta v\u00e1lida en horario de comidas y cenas en los d\u00edas de apertura habituales de Aleia.&nbsp;<\/p>\n\n\n\n<p>8. Condiciones para regalar: La persona que acuda al restaurante a disfrutar de la Tarjeta Regalo en la fecha indicada deber\u00e1 presentar dicha Tarjeta Regalo en su m\u00f3vil o en su defecto impreso.<\/p>\n","protected":false},"excerpt":{"rendered":"<p>1. Garant\u00eda Aleia. Las Tarjetas Regalo son vendidas directamente por Aleia, sin terceros. De esta forma damos la m\u00e1xima seguridad y confianza.\u00a0 2. Pago Seguro. No guardamos informaci\u00f3n financiera ni de ning\u00fan otro tipo de tu tarjeta de cr\u00e9dito, la transacci\u00f3n se realiza en un entorno seguro con todas las garant\u00edas para tu seguridad y [&hellip;]<\/p>\n","protected":false},"author":1,"featured_media":0,"parent":0,"menu_order":0,"comment_status":"closed","ping_status":"closed","template":"","meta":{"footnotes":""},"class_list":["post-329","page","type-page","status-publish","hentry"],"yoast_head":"<!-- This site is optimized with the Yoast SEO plugin v26.7 - https:\/\/yoast.com\/wordpress\/plugins\/seo\/ -->\n<title>T\u00e9rminos y condiciones - Aleia<\/title>\n<meta name=\"robots\" content=\"index, follow, max-snippet:-1, max-image-preview:large, max-video-preview:-1\" \/>\n<link rel=\"canonical\" href=\"https:\/\/www.aleiarestaurant.com\/terminos-y-condiciones\/\" \/>\n<meta property=\"og:locale\" content=\"ca_ES\" \/>\n<meta property=\"og:type\" content=\"article\" \/>\n<meta property=\"og:title\" content=\"T\u00e9rminos y condiciones - Aleia\" \/>\n<meta property=\"og:description\" content=\"1. Garant\u00eda Aleia. Las Tarjetas Regalo son vendidas directamente por Aleia, sin terceros. De esta forma damos la m\u00e1xima seguridad y confianza.\u00a0 2. Pago Seguro. No guardamos informaci\u00f3n financiera ni de ning\u00fan otro tipo de tu tarjeta de cr\u00e9dito, la transacci\u00f3n se realiza en un entorno seguro con todas las garant\u00edas para tu seguridad y [&hellip;]\" \/>\n<meta property=\"og:url\" content=\"https:\/\/www.aleiarestaurant.com\/terminos-y-condiciones\/\" \/>\n<meta property=\"og:site_name\" content=\"Aleia\" \/>\n<meta property=\"article:modified_time\" content=\"2023-12-04T11:35:34+00:00\" \/>\n<meta name=\"twitter:card\" content=\"summary_large_image\" \/>\n<meta name=\"twitter:label1\" content=\"Temps estimat de lectura\" \/>\n\t<meta name=\"twitter:data1\" content=\"1 minut\" \/>\n<script type=\"application\/ld+json\" class=\"yoast-schema-graph\">{\"@context\":\"https:\/\/schema.org\",\"@graph\":[{\"@type\":\"WebPage\",\"@id\":\"https:\/\/www.aleiarestaurant.com\/terminos-y-condiciones\/\",\"url\":\"https:\/\/www.aleiarestaurant.com\/terminos-y-condiciones\/\",\"name\":\"T\u00e9rminos y condiciones - Aleia\",\"isPartOf\":{\"@id\":\"https:\/\/www.aleiarestaurant.com\/#website\"},\"datePublished\":\"2023-01-25T11:38:48+00:00\",\"dateModified\":\"2023-12-04T11:35:34+00:00\",\"breadcrumb\":{\"@id\":\"https:\/\/www.aleiarestaurant.com\/terminos-y-condiciones\/#breadcrumb\"},\"inLanguage\":\"ca\",\"potentialAction\":[{\"@type\":\"ReadAction\",\"target\":[\"https:\/\/www.aleiarestaurant.com\/terminos-y-condiciones\/\"]}]},{\"@type\":\"BreadcrumbList\",\"@id\":\"https:\/\/www.aleiarestaurant.com\/terminos-y-condiciones\/#breadcrumb\",\"itemListElement\":[{\"@type\":\"ListItem\",\"position\":1,\"name\":\"Home\",\"item\":\"https:\/\/www.aleiarestaurant.com\/ca\/\"},{\"@type\":\"ListItem\",\"position\":2,\"name\":\"T\u00e9rminos y condiciones\"}]},{\"@type\":\"WebSite\",\"@id\":\"https:\/\/www.aleiarestaurant.com\/#website\",\"url\":\"https:\/\/www.aleiarestaurant.com\/\",\"name\":\"Aleia\",\"description\":\"Restaurant in Barcelona\",\"potentialAction\":[{\"@type\":\"SearchAction\",\"target\":{\"@type\":\"EntryPoint\",\"urlTemplate\":\"https:\/\/www.aleiarestaurant.com\/?s={search_term_string}\"},\"query-input\":{\"@type\":\"PropertyValueSpecification\",\"valueRequired\":true,\"valueName\":\"search_term_string\"}}],\"inLanguage\":\"ca\"}]}<\/script>\n<!-- \/ Yoast SEO plugin. -->","yoast_head_json":{"title":"T\u00e9rminos y condiciones - Aleia","robots":{"index":"index","follow":"follow","max-snippet":"max-snippet:-1","max-image-preview":"max-image-preview:large","max-video-preview":"max-video-preview:-1"},"canonical":"https:\/\/www.aleiarestaurant.com\/terminos-y-condiciones\/","og_locale":"ca_ES","og_type":"article","og_title":"T\u00e9rminos y condiciones - Aleia","og_description":"1. Garant\u00eda Aleia. Las Tarjetas Regalo son vendidas directamente por Aleia, sin terceros. De esta forma damos la m\u00e1xima seguridad y confianza.\u00a0 2. Pago Seguro. No guardamos informaci\u00f3n financiera ni de ning\u00fan otro tipo de tu tarjeta de cr\u00e9dito, la transacci\u00f3n se realiza en un entorno seguro con todas las garant\u00edas para tu seguridad y [&hellip;]","og_url":"https:\/\/www.aleiarestaurant.com\/terminos-y-condiciones\/","og_site_name":"Aleia","article_modified_time":"2023-12-04T11:35:34+00:00","twitter_card":"summary_large_image","twitter_misc":{"Temps estimat de lectura":"1 minut"},"schema":{"@context":"https:\/\/schema.org","@graph":[{"@type":"WebPage","@id":"https:\/\/www.aleiarestaurant.com\/terminos-y-condiciones\/","url":"https:\/\/www.aleiarestaurant.com\/terminos-y-condiciones\/","name":"T\u00e9rminos y condiciones - Aleia","isPartOf":{"@id":"https:\/\/www.aleiarestaurant.com\/#website"},"datePublished":"2023-01-25T11:38:48+00:00","dateModified":"2023-12-04T11:35:34+00:00","breadcrumb":{"@id":"https:\/\/www.aleiarestaurant.com\/terminos-y-condiciones\/#breadcrumb"},"inLanguage":"ca","potentialAction":[{"@type":"ReadAction","target":["https:\/\/www.aleiarestaurant.com\/terminos-y-condiciones\/"]}]},{"@type":"BreadcrumbList","@id":"https:\/\/www.aleiarestaurant.com\/terminos-y-condiciones\/#breadcrumb","itemListElement":[{"@type":"ListItem","position":1,"name":"Home","item":"https:\/\/www.aleiarestaurant.com\/ca\/"},{"@type":"ListItem","position":2,"name":"T\u00e9rminos y condiciones"}]},{"@type":"WebSite","@id":"https:\/\/www.aleiarestaurant.com\/#website","url":"https:\/\/www.aleiarestaurant.com\/","name":"Aleia","description":"Restaurant in Barcelona","potentialAction":[{"@type":"SearchAction","target":{"@type":"EntryPoint","urlTemplate":"https:\/\/www.aleiarestaurant.com\/?s={search_term_string}"},"query-input":{"@type":"PropertyValueSpecification","valueRequired":true,"valueName":"search_term_string"}}],"inLanguage":"ca"}]}},"_links":{"self":[{"href":"https:\/\/www.aleiarestaurant.com\/ca\/wp-json\/wp\/v2\/pages\/329","targetHints":{"allow":["GET"]}}],"collection":[{"href":"https:\/\/www.aleiarestaurant.com\/ca\/wp-json\/wp\/v2\/pages"}],"about":[{"href":"https:\/\/www.aleiarestaurant.com\/ca\/wp-json\/wp\/v2\/types\/page"}],"author":[{"embeddable":true,"href":"https:\/\/www.aleiarestaurant.com\/ca\/wp-json\/wp\/v2\/users\/1"}],"replies":[{"embeddable":true,"href":"https:\/\/www.aleiarestaurant.com\/ca\/wp-json\/wp\/v2\/comments?post=329"}],"version-history":[{"count":1,"href":"https:\/\/www.aleiarestaurant.com\/ca\/wp-json\/wp\/v2\/pages\/329\/revisions"}],"predecessor-version":[{"id":330,"href":"https:\/\/www.aleiarestaurant.com\/ca\/wp-json\/wp\/v2\/pages\/329\/revisions\/330"}],"wp:attachment":[{"href":"https:\/\/www.aleiarestaurant.com\/ca\/wp-json\/wp\/v2\/media?parent=329"}],"curies":[{"name":"wp","href":"https:\/\/api.w.org\/{rel}","templated":true}]}}