{"id":293,"date":"2023-12-04T10:52:50","date_gmt":"2023-12-04T10:52:50","guid":{"rendered":"https:\/\/www.aleiarestaurant.com\/?page_id=293"},"modified":"2025-10-28T15:35:02","modified_gmt":"2025-10-28T15:35:02","slug":"booking","status":"publish","type":"page","link":"https:\/\/www.aleiarestaurant.com\/ca\/booking\/","title":{"rendered":"QU\u00c8 HEU DE SABER ABANS DE RESERVAR?"},"content":{"rendered":"\n<h5 class=\"wp-block-heading\">Pol\u00edtica de cancel\u00b7laci\u00f3<\/h5>\n\n\n\n<p>Les nostres reserves estan obertes amb 3 mesos d\u2019antelaci\u00f3. Si voleu fer una reserva amb m\u00e9s temps, contacteu-nos per correu electr\u00f2nic a <a href=\"mailto:booking@aleiarestaurant.com\">booking@aleiarestaurant.com<\/a> o per WhatsApp al<a href=\"https:\/\/wa.me\/34603590903\" data-type=\"link\" data-id=\"https:\/\/wa.me\/34603590903\"> +34 603 59 09 03 <\/a>perqu\u00e8 us puguem ajudar.<\/p>\n\n\n\n<p>Treballem sota una pol\u00edtica de cancel\u00b7laci\u00f3 molt estricta per protegir el nostre petit negoci.<\/p>\n\n\n\n<p>Acceptem cancel\u00b7lacions o modificacions del nombre de comensals <strong>sense c\u00e0rrec fins a 7 dies abans<\/strong> de la data de la reserva.<br>Qualsevol cancel\u00b7laci\u00f3, modificaci\u00f3 despr\u00e9s d\u2019aquest termini o la <strong>no-presentaci\u00f3<\/strong> el dia de la reserva estar\u00e0 subjecta a una <strong>tarifa de 210 \u20ac per persona<\/strong>.<\/p>\n\n\n\n<p>Per a <strong>reserves de 10 persones o m\u00e9s<\/strong>, acceptem cancel\u00b7lacions o modificacions <strong>sense c\u00e0rrec fins a 20 dies abans<\/strong> del dia de la reserva. Qualsevol canvi fora d\u2019aquest termini o la no-presentaci\u00f3 tamb\u00e9 estar\u00e0 subjecte a una <strong>tarifa de 210 \u20ac per persona<\/strong>.<\/p>\n\n\n\n<p>Si falten menys de 7 dies, us agrairem que ens informeu <strong>com m\u00e9s aviat millor<\/strong> si hi ha canvis en els vostres plans, per correu electr\u00f2nic a <a href=\"mailto:booking@aleiarestaurant.com\">booking@aleiarestaurant.com<\/a> o per WhatsApp al <a href=\"https:\/\/wa.me\/34603590903\">+34 603 59 09 03.<\/a><\/p>\n\n\n\n<h5 class=\"wp-block-heading\">Sobre les al\u00b7l\u00e8rgies<\/h5>\n\n\n\n<p>El men\u00fa del Restaurant Aleia cont\u00e9 diversos plats elaborats amb peix i marisc. Degut a la naturalesa del men\u00fa, us preguem que ens informeu sobre qualsevol al\u00b7l\u00e8rgia o intoler\u00e0ncia amb <strong>un m\u00ednim de 2 setmanes d\u2019antelaci\u00f3<\/strong> respecte a la data de la reserva.<\/p>\n\n\n\n<p>Aix\u00ed mateix, <strong>desaconsellem fer reserves<\/strong> al nostre restaurant en cas d\u2019<strong>al\u00b7l\u00e8rgies o intoler\u00e0ncies greus<\/strong>, ja que la mida redu\u00efda de la cuina no ens permet garantir l\u2019abs\u00e8ncia de traces ni evitar la contaminaci\u00f3 creuada.<\/p>\n\n\n\n<p>Finalment, i a causa de la naturalesa del nostre men\u00fa, les consideracions sobre al\u00b7l\u00e8rgies o peticions especials <strong>seran valorades a la nostra discreci\u00f3<\/strong>.<br>Per tal de tenir-ho tot ben organitzat, us recomanem que ens escriviu a <a href=\"mailto:booking@aleiarestaurant.com\">booking@aleiarestaurant.com<\/a> <strong>abans de fer la reserva<\/strong>, perqu\u00e8 puguem confirmar si podem atendre la vostra sol\u00b7licitud.<\/p>\n\n\n\n<p>No disposem de cap <strong>men\u00fa especial per a nens<\/strong>. Si ens visiteu amb infants, aquests hauran de consumir el mateix men\u00fa que els adults, per aix\u00f2 <strong>no recomanem venir amb nens menors de 10 anys<\/strong>.<\/p>\n\n\n\n<p>Controleu les&nbsp;<a href=\"https:\/\/www.aleiarestaurant.com\/ca\/\/faq\">Preguntes Freq\u00fcents<\/a>&nbsp;abans de reservar.<\/p>\n\n\n\n<p>Benvinguts a Aleia Restaurant!<\/p>\n","protected":false},"excerpt":{"rendered":"<p>Pol\u00edtica de cancel\u00b7laci\u00f3 Les nostres reserves estan obertes amb 3 mesos d\u2019antelaci\u00f3. Si voleu fer una reserva amb m\u00e9s temps, contacteu-nos per correu electr\u00f2nic a booking@aleiarestaurant.com o per WhatsApp al +34 603 59 09 03 perqu\u00e8 us puguem ajudar. Treballem sota una pol\u00edtica de cancel\u00b7laci\u00f3 molt estricta per protegir el nostre petit negoci. Acceptem cancel\u00b7lacions [&hellip;]<\/p>\n","protected":false},"author":1,"featured_media":0,"parent":0,"menu_order":0,"comment_status":"closed","ping_status":"closed","template":"booking.php","meta":{"footnotes":""},"class_list":["post-293","page","type-page","status-publish","hentry"],"yoast_head":"<!-- This site is optimized with the Yoast SEO plugin v26.7 - https:\/\/yoast.com\/wordpress\/plugins\/seo\/ -->\n<title>QU\u00c8 HEU DE SABER ABANS DE RESERVAR? - Aleia<\/title>\n<meta name=\"robots\" content=\"index, follow, max-snippet:-1, max-image-preview:large, max-video-preview:-1\" \/>\n<link rel=\"canonical\" href=\"https:\/\/www.aleiarestaurant.com\/booking\/\" \/>\n<meta property=\"og:locale\" content=\"ca_ES\" \/>\n<meta property=\"og:type\" content=\"article\" \/>\n<meta property=\"og:title\" content=\"QU\u00c8 HEU DE SABER ABANS DE RESERVAR? - Aleia\" \/>\n<meta property=\"og:description\" content=\"Pol\u00edtica de cancel\u00b7laci\u00f3 Les nostres reserves estan obertes amb 3 mesos d\u2019antelaci\u00f3. Si voleu fer una reserva amb m\u00e9s temps, contacteu-nos per correu electr\u00f2nic a booking@aleiarestaurant.com o per WhatsApp al +34 603 59 09 03 perqu\u00e8 us puguem ajudar. Treballem sota una pol\u00edtica de cancel\u00b7laci\u00f3 molt estricta per protegir el nostre petit negoci. Acceptem cancel\u00b7lacions [&hellip;]\" \/>\n<meta property=\"og:url\" content=\"https:\/\/www.aleiarestaurant.com\/booking\/\" \/>\n<meta property=\"og:site_name\" content=\"Aleia\" \/>\n<meta property=\"article:modified_time\" content=\"2025-10-28T15:35:02+00:00\" \/>\n<meta name=\"twitter:card\" content=\"summary_large_image\" \/>\n<meta name=\"twitter:label1\" content=\"Temps estimat de lectura\" \/>\n\t<meta name=\"twitter:data1\" content=\"2 minuts\" \/>\n<script type=\"application\/ld+json\" class=\"yoast-schema-graph\">{\"@context\":\"https:\/\/schema.org\",\"@graph\":[{\"@type\":\"WebPage\",\"@id\":\"https:\/\/www.aleiarestaurant.com\/booking\/\",\"url\":\"https:\/\/www.aleiarestaurant.com\/booking\/\",\"name\":\"QU\u00c8 HEU DE SABER ABANS DE RESERVAR? - Aleia\",\"isPartOf\":{\"@id\":\"https:\/\/www.aleiarestaurant.com\/#website\"},\"datePublished\":\"2023-12-04T10:52:50+00:00\",\"dateModified\":\"2025-10-28T15:35:02+00:00\",\"breadcrumb\":{\"@id\":\"https:\/\/www.aleiarestaurant.com\/booking\/#breadcrumb\"},\"inLanguage\":\"ca\",\"potentialAction\":[{\"@type\":\"ReadAction\",\"target\":[\"https:\/\/www.aleiarestaurant.com\/booking\/\"]}]},{\"@type\":\"BreadcrumbList\",\"@id\":\"https:\/\/www.aleiarestaurant.com\/booking\/#breadcrumb\",\"itemListElement\":[{\"@type\":\"ListItem\",\"position\":1,\"name\":\"Home\",\"item\":\"https:\/\/www.aleiarestaurant.com\/ca\/\"},{\"@type\":\"ListItem\",\"position\":2,\"name\":\"QU\u00c8 HEU DE SABER ABANS DE RESERVAR?\"}]},{\"@type\":\"WebSite\",\"@id\":\"https:\/\/www.aleiarestaurant.com\/#website\",\"url\":\"https:\/\/www.aleiarestaurant.com\/\",\"name\":\"Aleia\",\"description\":\"Restaurant in Barcelona\",\"potentialAction\":[{\"@type\":\"SearchAction\",\"target\":{\"@type\":\"EntryPoint\",\"urlTemplate\":\"https:\/\/www.aleiarestaurant.com\/?s={search_term_string}\"},\"query-input\":{\"@type\":\"PropertyValueSpecification\",\"valueRequired\":true,\"valueName\":\"search_term_string\"}}],\"inLanguage\":\"ca\"}]}<\/script>\n<!-- \/ Yoast SEO plugin. -->","yoast_head_json":{"title":"QU\u00c8 HEU DE SABER ABANS DE RESERVAR? - Aleia","robots":{"index":"index","follow":"follow","max-snippet":"max-snippet:-1","max-image-preview":"max-image-preview:large","max-video-preview":"max-video-preview:-1"},"canonical":"https:\/\/www.aleiarestaurant.com\/booking\/","og_locale":"ca_ES","og_type":"article","og_title":"QU\u00c8 HEU DE SABER ABANS DE RESERVAR? - Aleia","og_description":"Pol\u00edtica de cancel\u00b7laci\u00f3 Les nostres reserves estan obertes amb 3 mesos d\u2019antelaci\u00f3. Si voleu fer una reserva amb m\u00e9s temps, contacteu-nos per correu electr\u00f2nic a booking@aleiarestaurant.com o per WhatsApp al +34 603 59 09 03 perqu\u00e8 us puguem ajudar. Treballem sota una pol\u00edtica de cancel\u00b7laci\u00f3 molt estricta per protegir el nostre petit negoci. Acceptem cancel\u00b7lacions [&hellip;]","og_url":"https:\/\/www.aleiarestaurant.com\/booking\/","og_site_name":"Aleia","article_modified_time":"2025-10-28T15:35:02+00:00","twitter_card":"summary_large_image","twitter_misc":{"Temps estimat de lectura":"2 minuts"},"schema":{"@context":"https:\/\/schema.org","@graph":[{"@type":"WebPage","@id":"https:\/\/www.aleiarestaurant.com\/booking\/","url":"https:\/\/www.aleiarestaurant.com\/booking\/","name":"QU\u00c8 HEU DE SABER ABANS DE RESERVAR? - Aleia","isPartOf":{"@id":"https:\/\/www.aleiarestaurant.com\/#website"},"datePublished":"2023-12-04T10:52:50+00:00","dateModified":"2025-10-28T15:35:02+00:00","breadcrumb":{"@id":"https:\/\/www.aleiarestaurant.com\/booking\/#breadcrumb"},"inLanguage":"ca","potentialAction":[{"@type":"ReadAction","target":["https:\/\/www.aleiarestaurant.com\/booking\/"]}]},{"@type":"BreadcrumbList","@id":"https:\/\/www.aleiarestaurant.com\/booking\/#breadcrumb","itemListElement":[{"@type":"ListItem","position":1,"name":"Home","item":"https:\/\/www.aleiarestaurant.com\/ca\/"},{"@type":"ListItem","position":2,"name":"QU\u00c8 HEU DE SABER ABANS DE RESERVAR?"}]},{"@type":"WebSite","@id":"https:\/\/www.aleiarestaurant.com\/#website","url":"https:\/\/www.aleiarestaurant.com\/","name":"Aleia","description":"Restaurant in Barcelona","potentialAction":[{"@type":"SearchAction","target":{"@type":"EntryPoint","urlTemplate":"https:\/\/www.aleiarestaurant.com\/?s={search_term_string}"},"query-input":{"@type":"PropertyValueSpecification","valueRequired":true,"valueName":"search_term_string"}}],"inLanguage":"ca"}]}},"_links":{"self":[{"href":"https:\/\/www.aleiarestaurant.com\/ca\/wp-json\/wp\/v2\/pages\/293","targetHints":{"allow":["GET"]}}],"collection":[{"href":"https:\/\/www.aleiarestaurant.com\/ca\/wp-json\/wp\/v2\/pages"}],"about":[{"href":"https:\/\/www.aleiarestaurant.com\/ca\/wp-json\/wp\/v2\/types\/page"}],"author":[{"embeddable":true,"href":"https:\/\/www.aleiarestaurant.com\/ca\/wp-json\/wp\/v2\/users\/1"}],"replies":[{"embeddable":true,"href":"https:\/\/www.aleiarestaurant.com\/ca\/wp-json\/wp\/v2\/comments?post=293"}],"version-history":[{"count":5,"href":"https:\/\/www.aleiarestaurant.com\/ca\/wp-json\/wp\/v2\/pages\/293\/revisions"}],"predecessor-version":[{"id":614,"href":"https:\/\/www.aleiarestaurant.com\/ca\/wp-json\/wp\/v2\/pages\/293\/revisions\/614"}],"wp:attachment":[{"href":"https:\/\/www.aleiarestaurant.com\/ca\/wp-json\/wp\/v2\/media?parent=293"}],"curies":[{"name":"wp","href":"https:\/\/api.w.org\/{rel}","templated":true}]}}